{"id":96,"date":"2022-08-05T15:51:17","date_gmt":"2022-08-05T15:51:17","guid":{"rendered":"https:\/\/mindfulsoul.at\/?page_id=96"},"modified":"2022-08-05T15:51:17","modified_gmt":"2022-08-05T15:51:17","slug":"ueber-mich","status":"publish","type":"page","link":"https:\/\/mindfulsoul.at\/index.php\/ueber-mich\/","title":{"rendered":"\u00dcber mich&#8230;"},"content":{"rendered":"\n<p>Mein Name ist Alexandra, ich bin Ehefrau, Mama, Tochter, Schwester, Tante, Lehrerin f\u00fcr Psychologie, Philosophie und Italienisch, Lernbegleiterin, Emmett-Practitioner und dipl. Mentaltrainerin. Ich wohne im wundersch\u00f6nen Kufstein in Tirol und bin sehr gerne in der Natur unterwegs. Wann immer es m\u00f6glich ist, fahre ich in meine zweite Heimat, Italien, um dort die Kultur und das Meer zu genie\u00dfen. Das Meer und das damit verbundene Gef\u00fchl begleitet mich schon mein ganzes Leben und hat mir viele wundervolle Erinnerungen geschenkt.<\/p>\n\n\n\n<p>Eigentlich f\u00fchre ich ein sehr \u00fcberschaubares Leben, das aber trotzdem nie langweilig ist. Ich liebe es, mich weiterzubilden und immer wieder neue Dinge zu erfahren und zu entdecken. Vor zwei Jahren, das hei\u00dft zu der Zeit, von der alle behaupteten, dass wir in der Krise stecken w\u00fcrden, packte mich das Gef\u00fchl, dass ich bei diesem negativen Gedankenkreislauf nicht mitmachen wollte und ich begann die Zeit der unz\u00e4hligen Lockdowns f\u00fcr mich selbst zu nutzten. Kurzerhand schrieb ich mich f\u00fcr einen Mentaltrainerkurs ein und las Unmengen an h\u00f6chst interessanter Literatur, die mich nachhaltig beeindruckt haben und noch immer besch\u00e4ftigen.<\/p>\n\n\n\n<p>Ein Thema, das mir sehr am Herzen liegt, ist die Achtsamkeit. Sie ist f\u00fcr mich die Grundlage f\u00fcr ein gutes Leben. Leider wird die F\u00e4higkeit zur Achtsamkeit immer mehr verlernt \u2013 leben wir doch in einer Gesellschaft in der die Begriffe \u201eh\u00f6her, schneller, weiter\u201c einen gro\u00dfen Stellenwert haben. Zeit also, dem Ganzen Einhalt zu gebieten und mit Achtsamkeit wieder zu sich selbst zu finden, sich selbst zu sp\u00fcren und die F\u00e4higkeit wiederzuerlangen, zu erkennen, was man wirklich m\u00f6chte.<\/p>\n","protected":false},"excerpt":{"rendered":"<p>Mein Name ist Alexandra, ich bin Ehefrau, Mama, Tochter, Schwester, Tante, Lehrerin f\u00fcr Psychologie, Philosophie und Italienisch, Lernbegleiterin, Emmett-Practitioner und dipl. Mentaltrainerin. Ich wohne im wundersch\u00f6nen Kufstein in Tirol und bin sehr gerne in der Natur unterwegs. Wann immer es m\u00f6glich ist, fahre ich in meine zweite Heimat, Italien, um dort die Kultur und das <a class=\"read-more\" href=\"https:\/\/mindfulsoul.at\/index.php\/ueber-mich\/\">READ MORE<\/a><\/p>\n","protected":false},"author":3,"featured_media":0,"parent":0,"menu_order":0,"comment_status":"closed","ping_status":"closed","template":"","meta":{"footnotes":""},"class_list":["post-96","page","type-page","status-publish","hentry"],"jetpack_sharing_enabled":true,"_links":{"self":[{"href":"https:\/\/mindfulsoul.at\/index.php\/wp-json\/wp\/v2\/pages\/96","targetHints":{"allow":["GET"]}}],"collection":[{"href":"https:\/\/mindfulsoul.at\/index.php\/wp-json\/wp\/v2\/pages"}],"about":[{"href":"https:\/\/mindfulsoul.at\/index.php\/wp-json\/wp\/v2\/types\/page"}],"author":[{"embeddable":true,"href":"https:\/\/mindfulsoul.at\/index.php\/wp-json\/wp\/v2\/users\/3"}],"replies":[{"embeddable":true,"href":"https:\/\/mindfulsoul.at\/index.php\/wp-json\/wp\/v2\/comments?post=96"}],"version-history":[{"count":1,"href":"https:\/\/mindfulsoul.at\/index.php\/wp-json\/wp\/v2\/pages\/96\/revisions"}],"predecessor-version":[{"id":97,"href":"https:\/\/mindfulsoul.at\/index.php\/wp-json\/wp\/v2\/pages\/96\/revisions\/97"}],"wp:attachment":[{"href":"https:\/\/mindfulsoul.at\/index.php\/wp-json\/wp\/v2\/media?parent=96"}],"curies":[{"name":"wp","href":"https:\/\/api.w.org\/{rel}","templated":true}]}}